{"id":362,"date":"2025-12-13T21:52:30","date_gmt":"2025-12-13T20:52:30","guid":{"rendered":"https:\/\/atelierverla.com\/?page_id=362"},"modified":"2025-12-13T21:52:30","modified_gmt":"2025-12-13T20:52:30","slug":"mentions-legales","status":"publish","type":"page","link":"https:\/\/atelierverla.com\/index.php\/mentions-legales\/","title":{"rendered":"Mentions l\u00e9gales"},"content":{"rendered":"\n<p><strong>Derni\u00e8re mise \u00e0 jour : d\u00e9cembre 2025<\/strong><\/p>\n\n\n\n<p>Conform\u00e9ment aux dispositions des articles 6-III et 19 de la <strong>loi n\u00b02004-575 du 21 juin 2004 pour la confiance dans l\u2019\u00e9conomie num\u00e9rique (LCEN)<\/strong>, nous vous informons que le pr\u00e9sent site web est \u00e9dit\u00e9 par :<\/p>\n\n\n\n<hr class=\"wp-block-separator has-alpha-channel-opacity\"\/>\n\n\n\n<h2 class=\"wp-block-heading\">1. \u00c9diteur du site<\/h2>\n\n\n\n<p><strong>Atelier Verla<\/strong><br>Si\u00e8ge social : 7 rue des Ecoles 14260<br>SIRET : 99331095200011<br>Email : <a>contact@atelierverla.com<\/a><\/p>\n\n\n\n<p><br>T\u00e9l\u00e9phone : 07 67 63 76 36<br>Responsable de la publication : LAMESA Eva<\/p>\n\n\n\n<hr class=\"wp-block-separator has-alpha-channel-opacity\"\/>\n\n\n\n<h2 class=\"wp-block-heading\">2. H\u00e9bergeur<\/h2>\n\n\n\n<p>Le site est h\u00e9berg\u00e9 par :<br><strong>OVH<\/strong> RCS Roubaix \u2013 Tourcoing 424 761 419 00045 Code APE 6202A<br>Adresse : Si\u00e8ge social : 2 rue Kellermann &#8211; 59100 Roubaix &#8211; France<br>T\u00e9l\u00e9phone : 1007<br>Site web : <a href=\"https:\/\/www.ovhcloud.com\/fr\/\">https:\/\/www.ovhcloud.com\/fr\/<\/a><\/p>\n\n\n\n<hr class=\"wp-block-separator has-alpha-channel-opacity\"\/>\n\n\n\n<h2 class=\"wp-block-heading\">3. Propri\u00e9t\u00e9 intellectuelle<\/h2>\n\n\n\n<p>L\u2019ensemble du contenu du site (textes, images, vid\u00e9os, logos, graphismes) est la <strong>propri\u00e9t\u00e9 exclusive d\u2019Atelier Verla<\/strong>, sauf mention contraire.<br>Toute reproduction, repr\u00e9sentation ou utilisation, en tout ou partie, est strictement interdite sans autorisation \u00e9crite pr\u00e9alable.<\/p>\n\n\n\n<hr class=\"wp-block-separator has-alpha-channel-opacity\"\/>\n\n\n\n<h2 class=\"wp-block-heading\">4. Donn\u00e9es personnelles<\/h2>\n\n\n\n<p>Pour les informations concernant la collecte et le traitement des donn\u00e9es personnelles, veuillez consulter notre <strong>[Politique de confidentialit\u00e9]<\/strong>.<\/p>\n\n\n\n<hr class=\"wp-block-separator has-alpha-channel-opacity\"\/>\n\n\n\n<h2 class=\"wp-block-heading\">5. Responsabilit\u00e9<\/h2>\n\n\n\n<p>Atelier Verla s\u2019efforce d\u2019assurer l\u2019exactitude des informations diffus\u00e9es sur le site. Toutefois, l\u2019\u00e9diteur <strong>ne peut \u00eatre tenu responsable des erreurs ou omissions<\/strong>, ni des dommages r\u00e9sultant de l\u2019utilisation de ce site.<\/p>\n\n\n\n<hr class=\"wp-block-separator has-alpha-channel-opacity\"\/>\n\n\n\n<h2 class=\"wp-block-heading\">6. Liens externes<\/h2>\n\n\n\n<p>Le site peut contenir des liens vers d\u2019autres sites. Atelier Verla <strong>n\u2019est pas responsable du contenu de ces sites externes<\/strong>.<\/p>\n\n\n\n<hr class=\"wp-block-separator has-alpha-channel-opacity\"\/>\n\n\n\n<h2 class=\"wp-block-heading\">7. Droit applicable<\/h2>\n\n\n\n<p>Le site et son contenu sont soumis au <strong>droit fran\u00e7ais<\/strong>. Tout litige sera soumis \u00e0 la comp\u00e9tence exclusive des tribunaux fran\u00e7ais.<\/p>\n","protected":false},"excerpt":{"rendered":"<p>Derni\u00e8re mise \u00e0 jour : d\u00e9cembre 2025 Conform\u00e9ment aux dispositions des articles 6-III et 19 de la loi n\u00b02004-575 du 21 juin 2004 pour la confiance dans l\u2019\u00e9conomie num\u00e9rique (LCEN), nous vous informons que le pr\u00e9sent site web est \u00e9dit\u00e9 par : 1. \u00c9diteur du site Atelier VerlaSi\u00e8ge social : 7 rue des Ecoles 14260SIRET [&hellip;]<\/p>\n","protected":false},"author":1,"featured_media":0,"parent":0,"menu_order":0,"comment_status":"closed","ping_status":"closed","template":"","meta":{"footnotes":""},"class_list":["post-362","page","type-page","status-publish","hentry"],"_links":{"self":[{"href":"https:\/\/atelierverla.com\/index.php\/wp-json\/wp\/v2\/pages\/362","targetHints":{"allow":["GET"]}}],"collection":[{"href":"https:\/\/atelierverla.com\/index.php\/wp-json\/wp\/v2\/pages"}],"about":[{"href":"https:\/\/atelierverla.com\/index.php\/wp-json\/wp\/v2\/types\/page"}],"author":[{"embeddable":true,"href":"https:\/\/atelierverla.com\/index.php\/wp-json\/wp\/v2\/users\/1"}],"replies":[{"embeddable":true,"href":"https:\/\/atelierverla.com\/index.php\/wp-json\/wp\/v2\/comments?post=362"}],"version-history":[{"count":1,"href":"https:\/\/atelierverla.com\/index.php\/wp-json\/wp\/v2\/pages\/362\/revisions"}],"predecessor-version":[{"id":363,"href":"https:\/\/atelierverla.com\/index.php\/wp-json\/wp\/v2\/pages\/362\/revisions\/363"}],"wp:attachment":[{"href":"https:\/\/atelierverla.com\/index.php\/wp-json\/wp\/v2\/media?parent=362"}],"curies":[{"name":"wp","href":"https:\/\/api.w.org\/{rel}","templated":true}]}}